{"id":13,"date":"2025-05-04T18:38:40","date_gmt":"2025-05-04T18:38:40","guid":{"rendered":"https:\/\/mvknunningen.ch\/?page_id=13"},"modified":"2025-06-01T15:01:10","modified_gmt":"2025-06-01T15:01:10","slug":"mitglied-werden","status":"publish","type":"page","link":"https:\/\/mvknunningen.ch\/?page_id=13","title":{"rendered":"Mitglied werden"},"content":{"rendered":"\n<h2 class=\"wp-block-heading\">SPIELEN SIE EIN INSTRUMENT?<\/h2>\n\n\n\n<p>M\u00f6chten Sie dem Musikverein Konkordia Nunningen beitreten oder einfach mal bei uns reinschauen? Z\u00f6gern Sie nicht. Wir proben jeden Dienstag von 20:00 bis 22:00 Uhr in der Z\u00e4hntesch\u00fcr. Wir freuen uns auf Ihren Besuch!<\/p>\n\n\n\n<h2 class=\"wp-block-heading\">M\u00d6CHTEN SIE EIN INSTRUMENT LERNEN?<\/h2>\n\n\n\n<p>Wir bieten ihrer Tochter, ihrem Sohn oder Ihnen die M\u00f6glichkeit ein Instrument zu erlernen!<\/p>\n\n\n\n<h3 class=\"wp-block-heading\">Welche Instrumente kann ich lernen?<\/h3>\n\n\n\n<p>Querfl\u00f6te, Klarinette, Saxophon, Trompete, Cornet, Posaune, Horn, Bass, Perkussion (Trommel, Schlagzeug, Pauke)<\/p>\n\n\n\n<h3 class=\"wp-block-heading\">Wie l\u00e4uft die Ausbildung ab?<\/h3>\n\n\n\n<p>Der Instrumentalunterricht erfolgt in Klein-Gruppen oder im Einzelunterricht und wird wenn m\u00f6glich von Mitgliedern unseres Vereins erteilt. Auch Notenkenntnisse und Musiktheorie werden in den Stunden vermittelt.<\/p>\n\n\n\n<h3 class=\"wp-block-heading\">Muss ich mir ein eigenes Instrument kaufen?<\/h3>\n\n\n\n<p>Nein, das ist nicht n\u00f6tig. Der Musikverein stellt das Instrument nach M\u00f6glichkeit zur Verf\u00fcgung oder unterst\u00fctzt bei der Suche eines Vermieters.<\/p>\n","protected":false},"excerpt":{"rendered":"<p>SPIELEN SIE EIN INSTRUMENT? M\u00f6chten Sie dem Musikverein Konkordia Nunningen beitreten oder einfach mal bei uns reinschauen? Z\u00f6gern Sie nicht. Wir proben jeden Dienstag von 20:00 bis 22:00 Uhr in der Z\u00e4hntesch\u00fcr. Wir freuen uns auf Ihren Besuch! M\u00d6CHTEN SIE EIN INSTRUMENT LERNEN? Wir bieten ihrer Tochter, ihrem Sohn oder Ihnen die M\u00f6glichkeit ein Instrument<a class=\"more-link\" href=\"https:\/\/mvknunningen.ch\/?page_id=13\">Continue reading <span class=\"screen-reader-text\">&#171;Mitglied werden&#187;<\/span><\/a><\/p>\n","protected":false},"author":1,"featured_media":0,"parent":0,"menu_order":0,"comment_status":"closed","ping_status":"closed","template":"","meta":{"footnotes":""},"class_list":["post-13","page","type-page","status-publish","hentry","entry"],"yoast_head":"<!-- This site is optimized with the Yoast SEO plugin v27.4 - https:\/\/yoast.com\/product\/yoast-seo-wordpress\/ -->\n<title>Mitglied werden - MVK Nunningen<\/title>\n<meta name=\"robots\" content=\"index, follow, max-snippet:-1, max-image-preview:large, max-video-preview:-1\" \/>\n<link rel=\"canonical\" href=\"https:\/\/mvknunningen.ch\/?page_id=13\" \/>\n<meta property=\"og:locale\" content=\"de_DE\" \/>\n<meta property=\"og:type\" content=\"article\" \/>\n<meta property=\"og:title\" content=\"Mitglied werden - MVK Nunningen\" \/>\n<meta property=\"og:description\" content=\"SPIELEN SIE EIN INSTRUMENT? M\u00f6chten Sie dem Musikverein Konkordia Nunningen beitreten oder einfach mal bei uns reinschauen? Z\u00f6gern Sie nicht. Wir proben jeden Dienstag von 20:00 bis 22:00 Uhr in der Z\u00e4hntesch\u00fcr. Wir freuen uns auf Ihren Besuch! M\u00d6CHTEN SIE EIN INSTRUMENT LERNEN? Wir bieten ihrer Tochter, ihrem Sohn oder Ihnen die M\u00f6glichkeit ein InstrumentContinue reading &quot;Mitglied werden&quot;\" \/>\n<meta property=\"og:url\" content=\"https:\/\/mvknunningen.ch\/?page_id=13\" \/>\n<meta property=\"og:site_name\" content=\"MVK Nunningen\" \/>\n<meta property=\"article:publisher\" content=\"https:\/\/www.facebook.com\/mvknunningen\" \/>\n<meta property=\"article:modified_time\" content=\"2025-06-01T15:01:10+00:00\" \/>\n<meta name=\"twitter:card\" content=\"summary_large_image\" \/>\n<meta name=\"twitter:label1\" content=\"Gesch\u00e4tzte Lesezeit\" \/>\n\t<meta name=\"twitter:data1\" content=\"1\u00a0Minute\" \/>\n<script type=\"application\/ld+json\" class=\"yoast-schema-graph\">{\"@context\":\"https:\\\/\\\/schema.org\",\"@graph\":[{\"@type\":\"WebPage\",\"@id\":\"https:\\\/\\\/mvknunningen.ch\\\/?page_id=13\",\"url\":\"https:\\\/\\\/mvknunningen.ch\\\/?page_id=13\",\"name\":\"Mitglied werden - MVK Nunningen\",\"isPartOf\":{\"@id\":\"https:\\\/\\\/mvknunningen.ch\\\/#website\"},\"datePublished\":\"2025-05-04T18:38:40+00:00\",\"dateModified\":\"2025-06-01T15:01:10+00:00\",\"breadcrumb\":{\"@id\":\"https:\\\/\\\/mvknunningen.ch\\\/?page_id=13#breadcrumb\"},\"inLanguage\":\"de-CH\",\"potentialAction\":[{\"@type\":\"ReadAction\",\"target\":[\"https:\\\/\\\/mvknunningen.ch\\\/?page_id=13\"]}]},{\"@type\":\"BreadcrumbList\",\"@id\":\"https:\\\/\\\/mvknunningen.ch\\\/?page_id=13#breadcrumb\",\"itemListElement\":[{\"@type\":\"ListItem\",\"position\":1,\"name\":\"Startseite\",\"item\":\"https:\\\/\\\/mvknunningen.ch\\\/\"},{\"@type\":\"ListItem\",\"position\":2,\"name\":\"Mitglied werden\"}]},{\"@type\":\"WebSite\",\"@id\":\"https:\\\/\\\/mvknunningen.ch\\\/#website\",\"url\":\"https:\\\/\\\/mvknunningen.ch\\\/\",\"name\":\"MVK\",\"description\":\"\",\"publisher\":{\"@id\":\"https:\\\/\\\/mvknunningen.ch\\\/#organization\"},\"potentialAction\":[{\"@type\":\"SearchAction\",\"target\":{\"@type\":\"EntryPoint\",\"urlTemplate\":\"https:\\\/\\\/mvknunningen.ch\\\/?s={search_term_string}\"},\"query-input\":{\"@type\":\"PropertyValueSpecification\",\"valueRequired\":true,\"valueName\":\"search_term_string\"}}],\"inLanguage\":\"de-CH\"},{\"@type\":\"Organization\",\"@id\":\"https:\\\/\\\/mvknunningen.ch\\\/#organization\",\"name\":\"Musikverein Konkordia Nunningen\",\"url\":\"https:\\\/\\\/mvknunningen.ch\\\/\",\"logo\":{\"@type\":\"ImageObject\",\"inLanguage\":\"de-CH\",\"@id\":\"https:\\\/\\\/mvknunningen.ch\\\/#\\\/schema\\\/logo\\\/image\\\/\",\"url\":\"https:\\\/\\\/mvknunningen.ch\\\/wp-content\\\/uploads\\\/2025\\\/05\\\/cropped-Logo_MVKN.png\",\"contentUrl\":\"https:\\\/\\\/mvknunningen.ch\\\/wp-content\\\/uploads\\\/2025\\\/05\\\/cropped-Logo_MVKN.png\",\"width\":306,\"height\":80,\"caption\":\"Musikverein Konkordia Nunningen\"},\"image\":{\"@id\":\"https:\\\/\\\/mvknunningen.ch\\\/#\\\/schema\\\/logo\\\/image\\\/\"},\"sameAs\":[\"https:\\\/\\\/www.facebook.com\\\/mvknunningen\"]}]}<\/script>\n<!-- \/ Yoast SEO plugin. -->","yoast_head_json":{"title":"Mitglied werden - MVK Nunningen","robots":{"index":"index","follow":"follow","max-snippet":"max-snippet:-1","max-image-preview":"max-image-preview:large","max-video-preview":"max-video-preview:-1"},"canonical":"https:\/\/mvknunningen.ch\/?page_id=13","og_locale":"de_DE","og_type":"article","og_title":"Mitglied werden - MVK Nunningen","og_description":"SPIELEN SIE EIN INSTRUMENT? M\u00f6chten Sie dem Musikverein Konkordia Nunningen beitreten oder einfach mal bei uns reinschauen? Z\u00f6gern Sie nicht. Wir proben jeden Dienstag von 20:00 bis 22:00 Uhr in der Z\u00e4hntesch\u00fcr. Wir freuen uns auf Ihren Besuch! M\u00d6CHTEN SIE EIN INSTRUMENT LERNEN? Wir bieten ihrer Tochter, ihrem Sohn oder Ihnen die M\u00f6glichkeit ein InstrumentContinue reading \"Mitglied werden\"","og_url":"https:\/\/mvknunningen.ch\/?page_id=13","og_site_name":"MVK Nunningen","article_publisher":"https:\/\/www.facebook.com\/mvknunningen","article_modified_time":"2025-06-01T15:01:10+00:00","twitter_card":"summary_large_image","twitter_misc":{"Gesch\u00e4tzte Lesezeit":"1\u00a0Minute"},"schema":{"@context":"https:\/\/schema.org","@graph":[{"@type":"WebPage","@id":"https:\/\/mvknunningen.ch\/?page_id=13","url":"https:\/\/mvknunningen.ch\/?page_id=13","name":"Mitglied werden - MVK Nunningen","isPartOf":{"@id":"https:\/\/mvknunningen.ch\/#website"},"datePublished":"2025-05-04T18:38:40+00:00","dateModified":"2025-06-01T15:01:10+00:00","breadcrumb":{"@id":"https:\/\/mvknunningen.ch\/?page_id=13#breadcrumb"},"inLanguage":"de-CH","potentialAction":[{"@type":"ReadAction","target":["https:\/\/mvknunningen.ch\/?page_id=13"]}]},{"@type":"BreadcrumbList","@id":"https:\/\/mvknunningen.ch\/?page_id=13#breadcrumb","itemListElement":[{"@type":"ListItem","position":1,"name":"Startseite","item":"https:\/\/mvknunningen.ch\/"},{"@type":"ListItem","position":2,"name":"Mitglied werden"}]},{"@type":"WebSite","@id":"https:\/\/mvknunningen.ch\/#website","url":"https:\/\/mvknunningen.ch\/","name":"MVK","description":"","publisher":{"@id":"https:\/\/mvknunningen.ch\/#organization"},"potentialAction":[{"@type":"SearchAction","target":{"@type":"EntryPoint","urlTemplate":"https:\/\/mvknunningen.ch\/?s={search_term_string}"},"query-input":{"@type":"PropertyValueSpecification","valueRequired":true,"valueName":"search_term_string"}}],"inLanguage":"de-CH"},{"@type":"Organization","@id":"https:\/\/mvknunningen.ch\/#organization","name":"Musikverein Konkordia Nunningen","url":"https:\/\/mvknunningen.ch\/","logo":{"@type":"ImageObject","inLanguage":"de-CH","@id":"https:\/\/mvknunningen.ch\/#\/schema\/logo\/image\/","url":"https:\/\/mvknunningen.ch\/wp-content\/uploads\/2025\/05\/cropped-Logo_MVKN.png","contentUrl":"https:\/\/mvknunningen.ch\/wp-content\/uploads\/2025\/05\/cropped-Logo_MVKN.png","width":306,"height":80,"caption":"Musikverein Konkordia Nunningen"},"image":{"@id":"https:\/\/mvknunningen.ch\/#\/schema\/logo\/image\/"},"sameAs":["https:\/\/www.facebook.com\/mvknunningen"]}]}},"jetpack_sharing_enabled":true,"_links":{"self":[{"href":"https:\/\/mvknunningen.ch\/index.php?rest_route=\/wp\/v2\/pages\/13","targetHints":{"allow":["GET"]}}],"collection":[{"href":"https:\/\/mvknunningen.ch\/index.php?rest_route=\/wp\/v2\/pages"}],"about":[{"href":"https:\/\/mvknunningen.ch\/index.php?rest_route=\/wp\/v2\/types\/page"}],"author":[{"embeddable":true,"href":"https:\/\/mvknunningen.ch\/index.php?rest_route=\/wp\/v2\/users\/1"}],"replies":[{"embeddable":true,"href":"https:\/\/mvknunningen.ch\/index.php?rest_route=%2Fwp%2Fv2%2Fcomments&post=13"}],"version-history":[{"count":5,"href":"https:\/\/mvknunningen.ch\/index.php?rest_route=\/wp\/v2\/pages\/13\/revisions"}],"predecessor-version":[{"id":338,"href":"https:\/\/mvknunningen.ch\/index.php?rest_route=\/wp\/v2\/pages\/13\/revisions\/338"}],"wp:attachment":[{"href":"https:\/\/mvknunningen.ch\/index.php?rest_route=%2Fwp%2Fv2%2Fmedia&parent=13"}],"curies":[{"name":"wp","href":"https:\/\/api.w.org\/{rel}","templated":true}]}}